{"id":1064,"date":"2009-12-23T23:26:39","date_gmt":"2009-12-23T22:26:39","guid":{"rendered":"http:\/\/www.mega-stoffel.de\/weblog\/?page_id=1064"},"modified":"2024-03-13T00:24:41","modified_gmt":"2024-03-12T23:24:41","slug":"rechtliches","status":"publish","type":"page","link":"https:\/\/mega-stoffel.de\/weblog\/rechtliches\/","title":{"rendered":"rechtliches"},"content":{"rendered":"\n<p>ich \u00fcbernehme keinerlei Gew\u00e4hr f\u00fcr die Aktualit\u00e4t, Vollst\u00e4ndigkeit und\/oder Richtigkeit der hier bereit gestellten Informationen. Links waren zu der Zeit, als sie gesetzt wurden, von mir gepr\u00fcft &#8211; k\u00f6nnen sich im schnelllebigen Internet allerdings jederzeit ohne mein Wissen \u00e4ndern.<\/p>\n\n\n\n<p>Hier sind keinerlei sinnvolle, medizinische, rechtliche, technische, u. a. Ratschl\u00e4ge zu finden. In den F\u00e4llen, in denen professionelle Hilfe auf irgend einem Gebiet gebraucht wird, bitte ich darum, diese auch aufzusuchen und sich nicht auf die hier von mir verbreiteten Weisheiten zu verlassen. Manches f\u00e4llt unter Kunst, Satire oder gar Zynismus &#8211; u.U. sogar ohne extra Markierung.<\/p>\n\n\n\n<p>Technisch wird f\u00fcr diese Seite <a href=\"https:\/\/wordpress.org\">wordpress<\/a>, \u00fcblicherweise in der neusten Version inkl. ein paar Erweiterungen verwendet; jegliche Kommunikation mit der Seite l\u00e4uft verschl\u00fcsselt ab. Wer mehr dar\u00fcber wissen will, kann gerne dort auf der Seite nachschauen und sich in die Details einlesen. Ich m\u00f6chte und kann das auch nicht machen &#8211; wer sich durch das Verhalten der Seite (z.B. Cookies, o.\u00e4.) gest\u00f6rt f\u00fchlt, soll doch bitte nicht hier herkommen oder entsprechende Browser-Erweiterungen oder andere Werkzeuge dagegen benutzen (z.B. ein <a href=\"https:\/\/www.kuketz-blog.de\/pi-hole-schwarzes-loch-fuer-werbung-raspberry-pi-teil1\/\" target=\"_blank\" rel=\"noopener noreferrer\">Pi-Hole<\/a>). Ich zeichne keine Kommunikation auf und werte sie erst recht nicht aus. Nach meinem Wissen sind hier keine Tracker eingebaut, zumindest will ich das nicht.<\/p>\n\n\n\n<p>Ich habe kein Problem damit, wenn jemand meine Inhalte verwendet. Daher ist hier alles unter einer CC: BY NC SA Lizenz ver\u00f6ffentlicht. Das hei\u00dft:<\/p>\n\n\n\n<ul class=\"wp-block-list\">\n<li>Namensnennung, inkl. Link zu meiner Homepage: X-tof Hoyer, <a href=\"http:\/\/www.mega-stoffel.de\">www.mega-stoffel.de<\/a><\/li>\n\n\n\n<li>nicht-kommerzielle Nutzung &#8211; sollten Inhalte f\u00fcr eine kommerzielle Nutzung gew\u00fcnscht werden, gibt es daf\u00fcr bestimmt auch Wege; in einem solchen Fall bitte einfach <a href=\"http:\/\/www.mega-stoffel.de\/weblog\/?page_id=1062\">nachfragen<\/a>.<\/li>\n\n\n\n<li>Weitergabe unter gleichen Bedingungen<\/li>\n<\/ul>\n\n\n\n<p>Diese Infos stehen auch auf jeder Seite in der rechten Spalte, inkl. <a href=\"http:\/\/creativecommons.org\/licenses\/by-nc-sa\/4.0\/\">Link<\/a> zur offiziellen CC-Seite.<\/p>\n\n\n\n<p>Andererseits versuche ich selbstverst\u00e4ndlich jederzeit auf der richtigen (sprich legalen) Seite des Gesetzes zu bleiben. Sollte ich dennoch einmal diese Grenze \u00fcberschreiten ist das h\u00f6chstwahrscheinlich nicht absichtlich geschehen. Daher bitte ich darum, mich zuerst <em>ohne<\/em> einen Rechtsanwalt zu kontaktieren. Ich werde mich schnellstm\u00f6glichst darum k\u00fcmmern, dass meine Rechtsverletzung dann auch umgehend beseitigt wird.<\/p>\n\n\n\n<p>Diese Seiten sind kein kommerzielles Angebot, sondern lediglich Ausdruck eines Teils meiner Freizeitgestaltung. Selbstverst\u00e4ndlich ist es nicht in meinem Sinne, Personen oder Rechte zu verletzten oder sonst wie zu sch\u00e4digen!<br>Diese Seiten werden halbwegs regelm\u00e4\u00dfig von mir gepflegt und ich versuche dabei auch immer, die g\u00fcltige Rechtslage nicht zu verletzen. Erschwerend kommt hinzu, dass es noch keine fundierte Gesetze bzw. f\u00fcr Laien verst\u00e4ndliche Rechtssprechungen in diesem Bereich gibt und sich diese daher \u00f6fters \u00e4ndern. <br>Auch habe ich kein abgeschlossenes Jura-Studium mit Schwerpunkt &#8222;Internet-Recht&#8220;. Ich bin kein Anwalt, IANAL.<br>Daher richte ich diesen Appell an alle, die durch diese Seiten in irgendeiner Weise gesch\u00e4digt sein k\u00f6nnten und deren Vertreter:<br>Sollte der Inhalt oder die Aufmachung dieser Seiten Rechte Dritter oder gesetzliche Bestimmungen verletzen, so ist das definitiv nicht beabsichtigt. In einem solchen Fall bitte ich um eine entsprechende Nachricht (sehr gerne auch ohne Kosten) auf einem der unter &#8222;<a title=\"alles \u00fcber mich!\" href=\"http:\/\/www.mega-stoffel.de\/weblog\/?page_id=1062\" target=\"_self\" rel=\"noopener noreferrer\">\u00fcber mich<\/a>&#8220; genannten Wege. Ich garantiere, dass zurecht beanstandete Passagen schnellstm\u00f6glich entfernt werden! Dazu ist es keinesfalls n\u00f6tig, dass ein Rechtsbeistand eingeschaltet wird.<\/p>\n\n\n\n<p>Danke. Und noch viel Spa\u00df weiterhin in diesem Internet!<\/p>\n","protected":false},"excerpt":{"rendered":"<p>ich \u00fcbernehme keinerlei Gew\u00e4hr f\u00fcr die Aktualit\u00e4t, Vollst\u00e4ndigkeit und\/oder Richtigkeit der hier bereit gestellten Informationen. Links waren zu der Zeit, als sie gesetzt wurden, von mir gepr\u00fcft &#8211; k\u00f6nnen sich im schnelllebigen Internet allerdings jederzeit ohne mein Wissen \u00e4ndern. Hier sind keinerlei sinnvolle, medizinische, rechtliche, technische, u. a. Ratschl\u00e4ge zu finden. In den F\u00e4llen, in [&hellip;]<\/p>\n","protected":false},"author":1,"featured_media":0,"parent":0,"menu_order":2,"comment_status":"closed","ping_status":"closed","template":"","meta":{"activitypub_content_warning":"","activitypub_content_visibility":"","activitypub_max_image_attachments":4,"activitypub_interaction_policy_quote":"anyone","activitypub_status":"","footnotes":""},"class_list":["post-1064","page","type-page","status-publish","hentry"],"_links":{"self":[{"href":"https:\/\/mega-stoffel.de\/weblog\/wp-json\/wp\/v2\/pages\/1064","targetHints":{"allow":["GET"]}}],"collection":[{"href":"https:\/\/mega-stoffel.de\/weblog\/wp-json\/wp\/v2\/pages"}],"about":[{"href":"https:\/\/mega-stoffel.de\/weblog\/wp-json\/wp\/v2\/types\/page"}],"author":[{"embeddable":true,"href":"https:\/\/mega-stoffel.de\/weblog\/wp-json\/wp\/v2\/users\/1"}],"replies":[{"embeddable":true,"href":"https:\/\/mega-stoffel.de\/weblog\/wp-json\/wp\/v2\/comments?post=1064"}],"version-history":[{"count":5,"href":"https:\/\/mega-stoffel.de\/weblog\/wp-json\/wp\/v2\/pages\/1064\/revisions"}],"predecessor-version":[{"id":10610,"href":"https:\/\/mega-stoffel.de\/weblog\/wp-json\/wp\/v2\/pages\/1064\/revisions\/10610"}],"wp:attachment":[{"href":"https:\/\/mega-stoffel.de\/weblog\/wp-json\/wp\/v2\/media?parent=1064"}],"curies":[{"name":"wp","href":"https:\/\/api.w.org\/{rel}","templated":true}]}}