{"id":4967,"date":"2016-03-29T20:52:43","date_gmt":"2016-03-29T18:52:43","guid":{"rendered":"http:\/\/www.mega-stoffel.de\/weblog\/?page_id=4967"},"modified":"2016-03-29T20:52:43","modified_gmt":"2016-03-29T18:52:43","slug":"garmin-erfahrungen","status":"publish","type":"page","link":"https:\/\/mega-stoffel.de\/weblog\/garmin-erfahrungen\/","title":{"rendered":"Garmin Erfahrungen"},"content":{"rendered":"<p>am langen Oster-Wochenende musste ich mich mal wieder ziemlich \u00fcber mein Garmin Edge 1000 Fahrrad-Computer \u00e4rgern. Bei dem Ding funktioniert einfach nichts und das ist ziemlich ern\u00fcchternd f\u00fcr das &#8222;Flaggschiff&#8220; des Marktf\u00fchrers in diesem Segment. Ich versuche meine Erfahrungen einfach mal halbwegs strukturiert hier niederzuschreiben; sozusagen als Warnung f\u00fcr alle, die mit dem Gedanken spielen, sich auch so ein Ger\u00e4t zuzulegen.<br \/>\n<strong>Kurzfassung: Lasst es sein!<\/strong><br \/>\nIch habe keinen Vergleich zu anderen Ger\u00e4ten dieser Kategorie, kann mir aber kaum vorstellen, dass es etwas Schlechteres gibt. Man kann sagen, dass\u00a0es kaum zus\u00e4tzliche Funktionalit\u00e4t gibt, die nicht von einer Kombination aus Smartphone und billigstem Tacho auch geliefert werden kann. Daf\u00fcr sind die aktuell ca. 450\u20ac Stra\u00dfenpreis einfach viel zu viel.<\/p>\n<p>Hier als meine Erfahrungen zu den Themen (aktuell sicherlich noch unvollst\u00e4ndige Liste):<\/p>\n<ul>\n<li><a href=\"http:\/\/www.mega-stoffel.de\/weblog\/?page_id=5135\">Daten-Aufzeichnung<br \/>\n<\/a><\/li>\n<li><a href=\"http:\/\/www.mega-stoffel.de\/weblog\/?page_id=5175\">automatischer Upload<\/a><\/li>\n<li><a href=\"http:\/\/www.mega-stoffel.de\/weblog\/?page_id=4973\">Streckenplanung<\/a><\/li>\n<li><a href=\"http:\/\/www.mega-stoffel.de\/weblog\/?page_id=4993\">Ziel-Bestimmung<\/a><\/li>\n<li><a href=\"http:\/\/www.mega-stoffel.de\/weblog\/?page_id=4975\">Streckenf\u00fchrung<\/a><\/li>\n<li><a href=\"http:\/\/www.mega-stoffel.de\/weblog\/?page_id=4971\">Navigation<br \/>\n<\/a><\/li>\n<li><a href=\"http:\/\/www.mega-stoffel.de\/weblog\/?page_id=5003\">Herzfrequenzmesser<\/a><\/li>\n<li><a href=\"http:\/\/www.mega-stoffel.de\/weblog\/?page_id=4978\">Segmente<\/a><\/li>\n<li><a href=\"http:\/\/www.mega-stoffel.de\/weblog\/?page_id=4996\">zu Strecken fahren<\/a><\/li>\n<li>weitere <a href=\"http:\/\/www.mega-stoffel.de\/weblog\/?page_id=4983\">Kleinigkeiten<br \/>\n<\/a><\/li>\n<\/ul>\n<p>Diese Punkte sind auch oben im Men\u00fc unter &#8222;Garmin Erfahrungen&#8220; hinterlegt.<\/p>\n","protected":false},"excerpt":{"rendered":"<p>am langen Oster-Wochenende musste ich mich mal wieder ziemlich \u00fcber mein Garmin Edge 1000 Fahrrad-Computer \u00e4rgern. Bei dem Ding funktioniert einfach nichts und das ist ziemlich ern\u00fcchternd f\u00fcr das &#8222;Flaggschiff&#8220; des Marktf\u00fchrers in diesem Segment. Ich versuche meine Erfahrungen einfach mal halbwegs strukturiert hier niederzuschreiben; sozusagen als Warnung f\u00fcr alle, die mit dem Gedanken spielen, [&hellip;]<\/p>\n","protected":false},"author":1,"featured_media":0,"parent":0,"menu_order":0,"comment_status":"closed","ping_status":"closed","template":"","meta":{"activitypub_content_warning":"","activitypub_content_visibility":"","activitypub_max_image_attachments":4,"activitypub_interaction_policy_quote":"anyone","activitypub_status":"","footnotes":""},"class_list":["post-4967","page","type-page","status-publish","hentry"],"_links":{"self":[{"href":"https:\/\/mega-stoffel.de\/weblog\/wp-json\/wp\/v2\/pages\/4967","targetHints":{"allow":["GET"]}}],"collection":[{"href":"https:\/\/mega-stoffel.de\/weblog\/wp-json\/wp\/v2\/pages"}],"about":[{"href":"https:\/\/mega-stoffel.de\/weblog\/wp-json\/wp\/v2\/types\/page"}],"author":[{"embeddable":true,"href":"https:\/\/mega-stoffel.de\/weblog\/wp-json\/wp\/v2\/users\/1"}],"replies":[{"embeddable":true,"href":"https:\/\/mega-stoffel.de\/weblog\/wp-json\/wp\/v2\/comments?post=4967"}],"version-history":[{"count":0,"href":"https:\/\/mega-stoffel.de\/weblog\/wp-json\/wp\/v2\/pages\/4967\/revisions"}],"wp:attachment":[{"href":"https:\/\/mega-stoffel.de\/weblog\/wp-json\/wp\/v2\/media?parent=4967"}],"curies":[{"name":"wp","href":"https:\/\/api.w.org\/{rel}","templated":true}]}}