{"id":4971,"date":"2016-03-29T21:12:37","date_gmt":"2016-03-29T19:12:37","guid":{"rendered":"http:\/\/www.mega-stoffel.de\/weblog\/?page_id=4971"},"modified":"2016-03-29T21:12:37","modified_gmt":"2016-03-29T19:12:37","slug":"navigation","status":"publish","type":"page","link":"https:\/\/mega-stoffel.de\/weblog\/garmin-erfahrungen\/navigation\/","title":{"rendered":"Navigation"},"content":{"rendered":"<p>das Haupt-Argument f\u00fcr diesen Fahrrad-Computer war f\u00fcr mich die Navigation. Einmal habe ich im letzten Sommer versucht, aus\u00a0Z\u00fcrich mit dem Rad zur\u00fcck nach Stuttgart zu fahren. Man kommt irgendwie an, das stimmt. Allerdings wurde ich von diesem Garmin Edge 1000 Navigationsger\u00e4t zweimal auf eine Stra\u00dfe gef\u00fchrt, die f\u00fcr Fahrr\u00e4der verboten war. Einmal in der Schweiz, das zweite Mal in Deutschland. Ich habe keine \u00c4nderungen an den Karten vorgenommen (abgesehen von regelm\u00e4\u00dfigen Aktualisierungen durch die Garmin-Software), sondern mich einfach auf die installierten Europa-Karten verlassen.<br \/>\nDas erste Mal war auf der 331 bei Bibern, das zweite Mal war es bei der B14 in Neufra, hier der <a href=\"https:\/\/www.strava.com\/activities\/313663853\" target=\"_blank\">Link<\/a> zur aufgezeichneten Strecke, beides machte nicht den Eindruck, als ob es neu aufgestellte Schilder waren.<\/p>\n<p>Das ist f\u00fcr mich ein absolutes KO-Kriterium! Von einem Fahrrad-Navigationsger\u00e4t erwarte ich, dass ich nicht auf eine Kraftfahrstra\u00dfe oder sonstige illegale Route geschickt werde!<\/p>\n","protected":false},"excerpt":{"rendered":"<p>das Haupt-Argument f\u00fcr diesen Fahrrad-Computer war f\u00fcr mich die Navigation. Einmal habe ich im letzten Sommer versucht, aus\u00a0Z\u00fcrich mit dem Rad zur\u00fcck nach Stuttgart zu fahren. Man kommt irgendwie an, das stimmt. Allerdings wurde ich von diesem Garmin Edge 1000 Navigationsger\u00e4t zweimal auf eine Stra\u00dfe gef\u00fchrt, die f\u00fcr Fahrr\u00e4der verboten war. Einmal in der Schweiz, [&hellip;]<\/p>\n","protected":false},"author":1,"featured_media":0,"parent":4967,"menu_order":0,"comment_status":"closed","ping_status":"closed","template":"","meta":{"activitypub_content_warning":"","activitypub_content_visibility":"","activitypub_max_image_attachments":4,"activitypub_interaction_policy_quote":"anyone","activitypub_status":"","footnotes":""},"class_list":["post-4971","page","type-page","status-publish","hentry"],"_links":{"self":[{"href":"https:\/\/mega-stoffel.de\/weblog\/wp-json\/wp\/v2\/pages\/4971","targetHints":{"allow":["GET"]}}],"collection":[{"href":"https:\/\/mega-stoffel.de\/weblog\/wp-json\/wp\/v2\/pages"}],"about":[{"href":"https:\/\/mega-stoffel.de\/weblog\/wp-json\/wp\/v2\/types\/page"}],"author":[{"embeddable":true,"href":"https:\/\/mega-stoffel.de\/weblog\/wp-json\/wp\/v2\/users\/1"}],"replies":[{"embeddable":true,"href":"https:\/\/mega-stoffel.de\/weblog\/wp-json\/wp\/v2\/comments?post=4971"}],"version-history":[{"count":0,"href":"https:\/\/mega-stoffel.de\/weblog\/wp-json\/wp\/v2\/pages\/4971\/revisions"}],"up":[{"embeddable":true,"href":"https:\/\/mega-stoffel.de\/weblog\/wp-json\/wp\/v2\/pages\/4967"}],"wp:attachment":[{"href":"https:\/\/mega-stoffel.de\/weblog\/wp-json\/wp\/v2\/media?parent=4971"}],"curies":[{"name":"wp","href":"https:\/\/api.w.org\/{rel}","templated":true}]}}