{"id":4973,"date":"2016-03-29T21:52:37","date_gmt":"2016-03-29T19:52:37","guid":{"rendered":"http:\/\/www.mega-stoffel.de\/weblog\/?page_id=4973"},"modified":"2016-03-29T21:52:37","modified_gmt":"2016-03-29T19:52:37","slug":"geplante-strecken","status":"publish","type":"page","link":"https:\/\/mega-stoffel.de\/weblog\/garmin-erfahrungen\/geplante-strecken\/","title":{"rendered":"geplante Strecken"},"content":{"rendered":"<p>ich habe anfangs mal davon getr\u00e4umt, mit diesem Ger\u00e4t auch (einfach) Strecken erstellen zu k\u00f6nnen, die ich abfahren k\u00f6nnte. Das kann ich aber nicht. Auf dem Garmin kann man zwar ein Ziel\u00a0eingeben, allerdings nicht l\u00e4nger als ca. 80-100km. Zu der berechneten Strecke gibt es keine Alternativen, man muss das abfahren, was berechnet wurde. L\u00e4ngere Strecken sind nur mit Zwischenschritten m\u00f6glich (die man aber u.U. gar nicht kennt).<br \/>\nDie Bedienung dieses Edge 1000 ist sehr\u00a0ungewohnt und sehr zeitraubend. Mal eben auf der Tour eine Strecken\u00e4nderung vorzunehmen geht auf jeden Fall\u00a0mit einer l\u00e4ngeren Pause einher.<br \/>\nEine Tour-Vorbereitung am heimischen Rechner (dazu braucht es das Programm\u00a0BaseCamp\u00a0oder man macht es \u00fcber die Garmin Connect Homepage) ist mir noch nie gelungen. Klar, das kann an mir liegen\u00a0&#8211; aber ich bin meist\u00a0derjenige, der von anderen gefragt wird, wie man irgendwas am Computer machen muss.<br \/>\n<strong>Fazit: Streckenplanung geht gar nicht.<\/strong><\/p>\n","protected":false},"excerpt":{"rendered":"<p>ich habe anfangs mal davon getr\u00e4umt, mit diesem Ger\u00e4t auch (einfach) Strecken erstellen zu k\u00f6nnen, die ich abfahren k\u00f6nnte. Das kann ich aber nicht. Auf dem Garmin kann man zwar ein Ziel\u00a0eingeben, allerdings nicht l\u00e4nger als ca. 80-100km. Zu der berechneten Strecke gibt es keine Alternativen, man muss das abfahren, was berechnet wurde. L\u00e4ngere Strecken [&hellip;]<\/p>\n","protected":false},"author":1,"featured_media":0,"parent":4967,"menu_order":0,"comment_status":"closed","ping_status":"closed","template":"","meta":{"activitypub_content_warning":"","activitypub_content_visibility":"","activitypub_max_image_attachments":4,"activitypub_interaction_policy_quote":"anyone","activitypub_status":"","footnotes":""},"class_list":["post-4973","page","type-page","status-publish","hentry"],"_links":{"self":[{"href":"https:\/\/mega-stoffel.de\/weblog\/wp-json\/wp\/v2\/pages\/4973","targetHints":{"allow":["GET"]}}],"collection":[{"href":"https:\/\/mega-stoffel.de\/weblog\/wp-json\/wp\/v2\/pages"}],"about":[{"href":"https:\/\/mega-stoffel.de\/weblog\/wp-json\/wp\/v2\/types\/page"}],"author":[{"embeddable":true,"href":"https:\/\/mega-stoffel.de\/weblog\/wp-json\/wp\/v2\/users\/1"}],"replies":[{"embeddable":true,"href":"https:\/\/mega-stoffel.de\/weblog\/wp-json\/wp\/v2\/comments?post=4973"}],"version-history":[{"count":0,"href":"https:\/\/mega-stoffel.de\/weblog\/wp-json\/wp\/v2\/pages\/4973\/revisions"}],"up":[{"embeddable":true,"href":"https:\/\/mega-stoffel.de\/weblog\/wp-json\/wp\/v2\/pages\/4967"}],"wp:attachment":[{"href":"https:\/\/mega-stoffel.de\/weblog\/wp-json\/wp\/v2\/media?parent=4973"}],"curies":[{"name":"wp","href":"https:\/\/api.w.org\/{rel}","templated":true}]}}