{"id":4975,"date":"2016-03-29T22:03:46","date_gmt":"2016-03-29T20:03:46","guid":{"rendered":"http:\/\/www.mega-stoffel.de\/weblog\/?page_id=4975"},"modified":"2016-03-29T22:03:46","modified_gmt":"2016-03-29T20:03:46","slug":"streckenfuhrung","status":"publish","type":"page","link":"https:\/\/mega-stoffel.de\/weblog\/garmin-erfahrungen\/streckenfuhrung\/","title":{"rendered":"Streckenf\u00fchrung"},"content":{"rendered":"<p>wenn ich doch mal mit dem Garmin Edge 1000 versuche, mir eine Strecke ausrechnen zu lassen, bin ich &#8211; in mir\u00a0bekannten Gegenden &#8211; meist \u00fcberrascht, welche sinnlosen und langen Umwege mir vorgeschlagen werden. Die ausgerechneten Strecken sind meist so um die 30% l\u00e4nger als wenn ich sie mit meinem eigenen Karten-Wissen abfahre oder mit einer ausgereiften Fahrrad-Karte (wie z.B. Google Maps mit Fahrrad-Option) berechnen lasse. Und das selbst bei der Navigations-Einstellung &#8222;k\u00fcrzeste Strecke&#8220;.<br \/>\nNur mal ein\u00a0Beispiel f\u00fcr solche unsinnigen Umwege von meiner Tour am Ostersamstag, zur Erinnerung, das ist f\u00fcr das Garmin Edge die &#8222;k\u00fcrzeste Strecke&#8220;, ich habe extra nochmal in den Einstellungen nachgeschaut:<br \/>\n<img loading=\"lazy\" decoding=\"async\" class=\"alignnone size-full wp-image-4976\" src=\"http:\/\/www.mega-stoffel.de\/weblog\/wp-content\/uploads\/2016\/03\/Umweg.png\" alt=\"Umweg, beispielhaft\" width=\"303\" height=\"318\" \/><\/p>\n","protected":false},"excerpt":{"rendered":"<p>wenn ich doch mal mit dem Garmin Edge 1000 versuche, mir eine Strecke ausrechnen zu lassen, bin ich &#8211; in mir\u00a0bekannten Gegenden &#8211; meist \u00fcberrascht, welche sinnlosen und langen Umwege mir vorgeschlagen werden. Die ausgerechneten Strecken sind meist so um die 30% l\u00e4nger als wenn ich sie mit meinem eigenen Karten-Wissen abfahre oder mit einer [&hellip;]<\/p>\n","protected":false},"author":1,"featured_media":0,"parent":4967,"menu_order":0,"comment_status":"closed","ping_status":"closed","template":"","meta":{"activitypub_content_warning":"","activitypub_content_visibility":"","activitypub_max_image_attachments":4,"activitypub_interaction_policy_quote":"anyone","activitypub_status":"","footnotes":""},"class_list":["post-4975","page","type-page","status-publish","hentry"],"_links":{"self":[{"href":"https:\/\/mega-stoffel.de\/weblog\/wp-json\/wp\/v2\/pages\/4975","targetHints":{"allow":["GET"]}}],"collection":[{"href":"https:\/\/mega-stoffel.de\/weblog\/wp-json\/wp\/v2\/pages"}],"about":[{"href":"https:\/\/mega-stoffel.de\/weblog\/wp-json\/wp\/v2\/types\/page"}],"author":[{"embeddable":true,"href":"https:\/\/mega-stoffel.de\/weblog\/wp-json\/wp\/v2\/users\/1"}],"replies":[{"embeddable":true,"href":"https:\/\/mega-stoffel.de\/weblog\/wp-json\/wp\/v2\/comments?post=4975"}],"version-history":[{"count":0,"href":"https:\/\/mega-stoffel.de\/weblog\/wp-json\/wp\/v2\/pages\/4975\/revisions"}],"up":[{"embeddable":true,"href":"https:\/\/mega-stoffel.de\/weblog\/wp-json\/wp\/v2\/pages\/4967"}],"wp:attachment":[{"href":"https:\/\/mega-stoffel.de\/weblog\/wp-json\/wp\/v2\/media?parent=4975"}],"curies":[{"name":"wp","href":"https:\/\/api.w.org\/{rel}","templated":true}]}}