{"id":5389,"date":"2016-08-08T16:31:38","date_gmt":"2016-08-08T14:31:38","guid":{"rendered":"http:\/\/www.mega-stoffel.de\/weblog\/?page_id=5389"},"modified":"2016-08-08T16:31:38","modified_gmt":"2016-08-08T14:31:38","slug":"giant-revolt-cyclocross","status":"publish","type":"page","link":"https:\/\/mega-stoffel.de\/weblog\/fahrrad\/giant-revolt-cyclocross\/","title":{"rendered":"Giant Revolt CycloCross"},"content":{"rendered":"<p><img loading=\"lazy\" decoding=\"async\" class=\"alignnone size-full wp-image-5397\" src=\"http:\/\/www.mega-stoffel.de\/weblog\/wp-content\/uploads\/2016\/08\/Giant-Revolt-01.jpg\" alt=\"mein Giant Revolt CycloCross\" width=\"900\" height=\"634\" \/><br \/>\ndieses Rad ist mein aktuelles &#8222;Arbeitstier&#8220;. Wenn ich irgendwo hinfahren will, nehme ich meist dies. Es hat einen Gep\u00e4cktr\u00e4ger und zur Zeit sogar Schutzbleche dran. Gep\u00e4cktaschen habe ich daf\u00fcr selbstverst\u00e4ndlich auch, in schwarz und rot.<\/p>\n<p>Gekauft habe ich es f\u00fcr meine Tour in Australien in Sydney und von dort mit nach Deutschland gebracht. Seit dem Problem mit der Schaltung in Australien hat es ein anderes Schaltwerk dran und das Logo ist mit einem Critical Mass-Aufkleber \u00fcberklebt.<br \/>\nIch habe es auch f\u00fcr die Tour von Norwegen nach Norddeutschland verwendet. Als ich es in Skandinavien vollbepackt an Superm\u00e4rkten o.\u00e4. neben den anderen Alltagsr\u00e4dern stehen sah, habe ich mir den Spitznamen &#8222;The Beast&#8220; daf\u00fcr ausgedacht. ;~)<\/p>\n<p>Dazu gekommen ist:<\/p>\n<ul>\n<li>die Lichtanlage<\/li>\n<li>der Gep\u00e4cktr\u00e4ger<\/li>\n<li>ein Spiegel<\/li>\n<li>die Schutzbleche<\/li>\n<li>eine Satteltasche<\/li>\n<li>das Schloss<\/li>\n<li>ein Katzenaugen-Aufkleber<\/li>\n<\/ul>\n<p>Kleine \u00c4nderungen habe ich an<\/p>\n<ul>\n<li>den Reifen<\/li>\n<li>dem Lenkerband<\/li>\n<li>den Ventilkappen<\/li>\n<li>den Schrauben an den Kettenbl\u00e4ttern gemacht<\/li>\n<\/ul>\n<p>Aktuell fehlt noch eine Klingel, die liegt hier aber schon rum und wartet darauf, mit einem neuen Lenkerband montiert zu werden.<\/p>\n\n","protected":false},"excerpt":{"rendered":"<p>dieses Rad ist mein aktuelles &#8222;Arbeitstier&#8220;. Wenn ich irgendwo hinfahren will, nehme ich meist dies. Es hat einen Gep\u00e4cktr\u00e4ger und zur Zeit sogar Schutzbleche dran. Gep\u00e4cktaschen habe ich daf\u00fcr selbstverst\u00e4ndlich auch, in schwarz und rot. Gekauft habe ich es f\u00fcr meine Tour in Australien in Sydney und von dort mit nach Deutschland gebracht. Seit dem [&hellip;]<\/p>\n","protected":false},"author":1,"featured_media":0,"parent":5387,"menu_order":1,"comment_status":"closed","ping_status":"closed","template":"","meta":{"activitypub_content_warning":"","activitypub_content_visibility":"","activitypub_max_image_attachments":4,"activitypub_interaction_policy_quote":"anyone","activitypub_status":"","footnotes":""},"class_list":["post-5389","page","type-page","status-publish","hentry"],"_links":{"self":[{"href":"https:\/\/mega-stoffel.de\/weblog\/wp-json\/wp\/v2\/pages\/5389","targetHints":{"allow":["GET"]}}],"collection":[{"href":"https:\/\/mega-stoffel.de\/weblog\/wp-json\/wp\/v2\/pages"}],"about":[{"href":"https:\/\/mega-stoffel.de\/weblog\/wp-json\/wp\/v2\/types\/page"}],"author":[{"embeddable":true,"href":"https:\/\/mega-stoffel.de\/weblog\/wp-json\/wp\/v2\/users\/1"}],"replies":[{"embeddable":true,"href":"https:\/\/mega-stoffel.de\/weblog\/wp-json\/wp\/v2\/comments?post=5389"}],"version-history":[{"count":0,"href":"https:\/\/mega-stoffel.de\/weblog\/wp-json\/wp\/v2\/pages\/5389\/revisions"}],"up":[{"embeddable":true,"href":"https:\/\/mega-stoffel.de\/weblog\/wp-json\/wp\/v2\/pages\/5387"}],"wp:attachment":[{"href":"https:\/\/mega-stoffel.de\/weblog\/wp-json\/wp\/v2\/media?parent=5389"}],"curies":[{"name":"wp","href":"https:\/\/api.w.org\/{rel}","templated":true}]}}